{"id":375,"date":"2016-02-05T19:13:28","date_gmt":"2016-02-05T19:13:28","guid":{"rendered":"https:\/\/battaginmarmi.it\/de\/?page_id=375"},"modified":"2016-02-12T10:31:51","modified_gmt":"2016-02-12T10:31:51","slug":"marmor","status":"publish","type":"page","link":"https:\/\/www.battaginmarmi.it\/de\/marmor\/","title":{"rendered":"Marmor"},"content":{"rendered":"<div class=\"wpb-content-wrapper\"><p>[vc_row margin_top=&#8220;-50px&#8220; margin_bottom=&#8220;-50px&#8220;][vc_column width=&#8220;1\/3&#8243; css=&#8220;.vc_custom_1453551224080{padding-top: 10px !important;padding-bottom: 40px !important;background-color: #f2f3f3 !important;}&#8220;]<div id=\"ultimate-heading-193769eb268d12088\" class=\"uvc-heading ult-adjust-bottom-margin ultimate-heading-193769eb268d12088 uvc-2259 \" data-hspacer=\"line_only\"  data-halign=\"center\" style=\"text-align:center\"><div class=\"uvc-main-heading ult-responsive\"  data-ultimate-target='.uvc-heading.ultimate-heading-193769eb268d12088 h3'  data-responsive-json-new='{\"font-size\":\"\",\"line-height\":\"\"}' ><h3 style=\"font-weight:bold;color:#000000;margin-top:30px;\">Marmor<\/h3><\/div><div class=\"uvc-heading-spacer line_only\" style=\"margin-top:20px;margin-bottom:20px;height:1px;\"><span class=\"uvc-headings-line\" style=\"border-style:solid;border-bottom-width:1px;border-color:#c10f1a;width:30px;\"><\/span><\/div><\/div>[vc_column_text]<\/p>\n<p style=\"text-align: center;\">Wir haben eine grosse Auswahl von Materialen, welche direkt in der Marmorgrube getestet werden. Auf diese Weise k\u00f6nnen wir gr\u00f6ssere Mengen garantieren.<\/p>\n<h5 style=\"text-align: center; color: black;\">Ausf\u00fchrungen<\/h5>\n<p style=\"text-align: center;\">Gl\u00e4nzend, gegl\u00e4ttet, schleifgebr\u00fcstet, geschliffen, gestockt, gewalzt und sandgestrahlt.<\/p>\n<p>[\/vc_column_text]<div class=\"ult-spacer spacer-69eb268d12122\" data-id=\"69eb268d12122\" data-height=\"240\" data-height-mobile=\"20\" data-height-tab=\"240\" data-height-tab-portrait=\"20\" data-height-mobile-landscape=\"20\" style=\"clear:both;display:block;\"><\/div>[\/vc_column][vc_column width=&#8220;2\/3&#8243;]<div class=\"ult-spacer spacer-69eb268d1214d\" data-id=\"69eb268d1214d\" data-height=\"40\" data-height-mobile=\"40\" data-height-tab=\"40\" data-height-tab-portrait=\"40\" data-height-mobile-landscape=\"40\" style=\"clear:both;display:block;\"><\/div><div class=\"wf-container dt-gallery-container dt-photos-shortcode loading-effect-scale-up iso-container description-under-image content-align-centre\" data-padding=\"20px\" data-cur-page=\"1\" data-width=\"90px\" data-columns=\"4\"><div class=\"wf-cell iso-item\" data-post-id=\"535\" data-date=\"2016-01-21T19:22:28+01:00\" data-name=\"Carrara\">\n<article class=\"post post-535 attachment type-attachment status-inherit hentry no-img\">\n\n\t<div class=\"project-list-media\">\n\t<figure class=\"buttons-on-img links-hovers-disabled\">\n\t\t<a href=\"https:\/\/www.battaginmarmi.it\/wp-content\/uploads\/2016\/01\/carrara.jpg\" class=\"alignnone rollover rollover-zoom dt-pswp-item layzr-bg\" title=\"Carrara\" data-dt-img-description=\"\"  data-large_image_width=\"445\" data-large_image_height = \"406\" ><img decoding=\"async\" class=\"preload-me iso-lazy-load aspect\" src=\"data:image\/svg+xml,%3Csvg%20xmlns%3D&#39;http%3A%2F%2Fwww.w3.org%2F2000%2Fsvg&#39;%20viewBox%3D&#39;0%200%20135%20135&#39;%2F%3E\" data-src=\"https:\/\/www.battaginmarmi.it\/wp-content\/uploads\/2016\/01\/carrara-135x135.jpg\" data-srcset=\"https:\/\/www.battaginmarmi.it\/wp-content\/uploads\/2016\/01\/carrara-135x135.jpg 135w, https:\/\/www.battaginmarmi.it\/wp-content\/uploads\/2016\/01\/carrara-270x270.jpg 270w\" loading=\"eager\" style=\"--ratio: 135 \/ 135\" sizes=\"(max-width: 135px) 100vw, 135px\" alt=\"\" width=\"135\" height=\"135\"  \/><\/a>\t\t\t<\/figure>\n<\/div>\n<div class=\"project-list-content\">\n\t<h3 class=\"entry-title\"><a class=\"dt-trigger-first-pswp\" href=\"https:\/\/www.battaginmarmi.it\/de\/dt_gallery\/marmi\/carrara-2\/\" title=\"Carrara\" rel=\"bookmark\">Carrara<\/a><\/h3><\/div>\n<\/article>\n\n<\/div><div class=\"wf-cell iso-item\" data-post-id=\"537\" data-date=\"2016-01-21T19:22:33+01:00\" data-name=\"Giallo Reale\">\n<article class=\"post post-537 attachment type-attachment status-inherit hentry no-img\">\n\n\t<div class=\"project-list-media\">\n\t<figure class=\"buttons-on-img links-hovers-disabled\">\n\t\t<a href=\"https:\/\/www.battaginmarmi.it\/wp-content\/uploads\/2016\/01\/giallo-reale.jpg\" class=\"alignnone rollover rollover-zoom dt-pswp-item layzr-bg\" title=\"Giallo Reale\" data-dt-img-description=\"\"  data-large_image_width=\"375\" data-large_image_height = \"343\" ><img decoding=\"async\" class=\"preload-me iso-lazy-load aspect\" src=\"data:image\/svg+xml,%3Csvg%20xmlns%3D&#39;http%3A%2F%2Fwww.w3.org%2F2000%2Fsvg&#39;%20viewBox%3D&#39;0%200%20135%20135&#39;%2F%3E\" data-src=\"https:\/\/www.battaginmarmi.it\/wp-content\/uploads\/2016\/01\/giallo-reale-135x135.jpg\" data-srcset=\"https:\/\/www.battaginmarmi.it\/wp-content\/uploads\/2016\/01\/giallo-reale-135x135.jpg 135w, https:\/\/www.battaginmarmi.it\/wp-content\/uploads\/2016\/01\/giallo-reale-270x270.jpg 270w\" loading=\"eager\" style=\"--ratio: 135 \/ 135\" sizes=\"(max-width: 135px) 100vw, 135px\" alt=\"\" width=\"135\" height=\"135\"  \/><\/a>\t\t\t<\/figure>\n<\/div>\n<div class=\"project-list-content\">\n\t<h3 class=\"entry-title\"><a class=\"dt-trigger-first-pswp\" href=\"https:\/\/www.battaginmarmi.it\/de\/dt_gallery\/marmi\/giallo-reale-2\/\" title=\"Giallo Reale\" rel=\"bookmark\">Giallo Reale<\/a><\/h3><\/div>\n<\/article>\n\n<\/div><div class=\"wf-cell iso-item\" data-post-id=\"539\" data-date=\"2016-01-21T19:22:37+01:00\" data-name=\"Rosso Asiago\">\n<article class=\"post post-539 attachment type-attachment status-inherit hentry no-img\">\n\n\t<div class=\"project-list-media\">\n\t<figure class=\"buttons-on-img links-hovers-disabled\">\n\t\t<a href=\"https:\/\/www.battaginmarmi.it\/wp-content\/uploads\/2016\/01\/rosso-asiago.jpg\" class=\"alignnone rollover rollover-zoom dt-pswp-item layzr-bg\" title=\"Rosso Asiago\" data-dt-img-description=\"\"  data-large_image_width=\"375\" data-large_image_height = \"343\" ><img decoding=\"async\" class=\"preload-me iso-lazy-load aspect\" src=\"data:image\/svg+xml,%3Csvg%20xmlns%3D&#39;http%3A%2F%2Fwww.w3.org%2F2000%2Fsvg&#39;%20viewBox%3D&#39;0%200%20135%20135&#39;%2F%3E\" data-src=\"https:\/\/www.battaginmarmi.it\/wp-content\/uploads\/2016\/01\/rosso-asiago-135x135.jpg\" data-srcset=\"https:\/\/www.battaginmarmi.it\/wp-content\/uploads\/2016\/01\/rosso-asiago-135x135.jpg 135w, https:\/\/www.battaginmarmi.it\/wp-content\/uploads\/2016\/01\/rosso-asiago-270x270.jpg 270w\" loading=\"eager\" style=\"--ratio: 135 \/ 135\" sizes=\"(max-width: 135px) 100vw, 135px\" alt=\"\" width=\"135\" height=\"135\"  \/><\/a>\t\t\t<\/figure>\n<\/div>\n<div class=\"project-list-content\">\n\t<h3 class=\"entry-title\"><a class=\"dt-trigger-first-pswp\" href=\"https:\/\/www.battaginmarmi.it\/de\/dt_gallery\/marmi\/rosso-asiago-2\/\" title=\"Rosso Asiago\" rel=\"bookmark\">Rosso Asiago<\/a><\/h3><\/div>\n<\/article>\n\n<\/div><div class=\"wf-cell iso-item\" data-post-id=\"541\" data-date=\"2016-01-21T19:22:40+01:00\" data-name=\"Verdello\">\n<article class=\"post post-541 attachment type-attachment status-inherit hentry no-img\">\n\n\t<div class=\"project-list-media\">\n\t<figure class=\"buttons-on-img links-hovers-disabled\">\n\t\t<a href=\"https:\/\/www.battaginmarmi.it\/wp-content\/uploads\/2016\/01\/verdello-asiago.jpg\" class=\"alignnone rollover rollover-zoom dt-pswp-item layzr-bg\" title=\"Verdello\" data-dt-img-description=\"\"  data-large_image_width=\"445\" data-large_image_height = \"406\" ><img decoding=\"async\" class=\"preload-me iso-lazy-load aspect\" src=\"data:image\/svg+xml,%3Csvg%20xmlns%3D&#39;http%3A%2F%2Fwww.w3.org%2F2000%2Fsvg&#39;%20viewBox%3D&#39;0%200%20135%20135&#39;%2F%3E\" data-src=\"https:\/\/www.battaginmarmi.it\/wp-content\/uploads\/2016\/01\/verdello-asiago-135x135.jpg\" data-srcset=\"https:\/\/www.battaginmarmi.it\/wp-content\/uploads\/2016\/01\/verdello-asiago-135x135.jpg 135w, https:\/\/www.battaginmarmi.it\/wp-content\/uploads\/2016\/01\/verdello-asiago-270x270.jpg 270w\" loading=\"eager\" style=\"--ratio: 135 \/ 135\" sizes=\"(max-width: 135px) 100vw, 135px\" alt=\"\" width=\"135\" height=\"135\"  \/><\/a>\t\t\t<\/figure>\n<\/div>\n<div class=\"project-list-content\">\n\t<h3 class=\"entry-title\"><a class=\"dt-trigger-first-pswp\" href=\"https:\/\/www.battaginmarmi.it\/de\/dt_gallery\/marmi\/verdello-asiago-2\/\" title=\"Verdello\" rel=\"bookmark\">Verdello<\/a><\/h3><\/div>\n<\/article>\n\n<\/div><div class=\"wf-cell iso-item\" data-post-id=\"561\" data-date=\"2016-02-03T17:25:18+01:00\" data-name=\"Biancone\">\n<article class=\"post post-561 attachment type-attachment status-inherit hentry no-img\">\n\n\t<div class=\"project-list-media\">\n\t<figure class=\"buttons-on-img links-hovers-disabled\">\n\t\t<a href=\"https:\/\/www.battaginmarmi.it\/wp-content\/uploads\/2016\/01\/biancone.jpg\" class=\"alignnone rollover rollover-zoom dt-pswp-item layzr-bg\" title=\"Biancone\" data-dt-img-description=\"\"  data-large_image_width=\"445\" data-large_image_height = \"406\" ><img decoding=\"async\" class=\"preload-me iso-lazy-load aspect\" src=\"data:image\/svg+xml,%3Csvg%20xmlns%3D&#39;http%3A%2F%2Fwww.w3.org%2F2000%2Fsvg&#39;%20viewBox%3D&#39;0%200%20135%20135&#39;%2F%3E\" data-src=\"https:\/\/www.battaginmarmi.it\/wp-content\/uploads\/2016\/01\/biancone-135x135.jpg\" data-srcset=\"https:\/\/www.battaginmarmi.it\/wp-content\/uploads\/2016\/01\/biancone-135x135.jpg 135w, https:\/\/www.battaginmarmi.it\/wp-content\/uploads\/2016\/01\/biancone-270x270.jpg 270w\" loading=\"eager\" style=\"--ratio: 135 \/ 135\" sizes=\"(max-width: 135px) 100vw, 135px\" alt=\"\" width=\"135\" height=\"135\"  \/><\/a>\t\t\t<\/figure>\n<\/div>\n<div class=\"project-list-content\">\n\t<h3 class=\"entry-title\"><a class=\"dt-trigger-first-pswp\" href=\"https:\/\/www.battaginmarmi.it\/de\/dt_gallery\/marmi\/biancone-2\/\" title=\"Biancone\" rel=\"bookmark\">Biancone<\/a><\/h3><\/div>\n<\/article>\n\n<\/div><div class=\"wf-cell iso-item\" data-post-id=\"563\" data-date=\"2016-02-03T17:25:21+01:00\" data-name=\"Giallo d&#039;Istria\">\n<article class=\"post post-563 attachment type-attachment status-inherit hentry no-img\">\n\n\t<div class=\"project-list-media\">\n\t<figure class=\"buttons-on-img links-hovers-disabled\">\n\t\t<a href=\"https:\/\/www.battaginmarmi.it\/wp-content\/uploads\/2016\/01\/giallo-istria.jpg\" class=\"alignnone rollover rollover-zoom dt-pswp-item layzr-bg\" title=\"Giallo d&#8217;Istria\" data-dt-img-description=\"\"  data-large_image_width=\"375\" data-large_image_height = \"343\" ><img decoding=\"async\" class=\"preload-me iso-lazy-load aspect\" src=\"data:image\/svg+xml,%3Csvg%20xmlns%3D&#39;http%3A%2F%2Fwww.w3.org%2F2000%2Fsvg&#39;%20viewBox%3D&#39;0%200%20135%20135&#39;%2F%3E\" data-src=\"https:\/\/www.battaginmarmi.it\/wp-content\/uploads\/2016\/01\/giallo-istria-135x135.jpg\" data-srcset=\"https:\/\/www.battaginmarmi.it\/wp-content\/uploads\/2016\/01\/giallo-istria-135x135.jpg 135w, https:\/\/www.battaginmarmi.it\/wp-content\/uploads\/2016\/01\/giallo-istria-270x270.jpg 270w\" loading=\"eager\" style=\"--ratio: 135 \/ 135\" sizes=\"(max-width: 135px) 100vw, 135px\" alt=\"\" width=\"135\" height=\"135\"  \/><\/a>\t\t\t<\/figure>\n<\/div>\n<div class=\"project-list-content\">\n\t<h3 class=\"entry-title\"><a class=\"dt-trigger-first-pswp\" href=\"https:\/\/www.battaginmarmi.it\/de\/dt_gallery\/marmi\/giallo-istria-2\/\" title=\"Giallo d&#8217;Istria\" rel=\"bookmark\">Giallo d&#8217;Istria<\/a><\/h3><\/div>\n<\/article>\n\n<\/div><div class=\"wf-cell iso-item\" data-post-id=\"565\" data-date=\"2016-02-03T17:25:25+01:00\" data-name=\"Rosa Asiago\">\n<article class=\"post post-565 attachment type-attachment status-inherit hentry no-img\">\n\n\t<div class=\"project-list-media\">\n\t<figure class=\"buttons-on-img links-hovers-disabled\">\n\t\t<a href=\"https:\/\/www.battaginmarmi.it\/wp-content\/uploads\/2016\/01\/rosa-asiago.jpg\" class=\"alignnone rollover rollover-zoom dt-pswp-item layzr-bg\" title=\"Rosa Asiago\" data-dt-img-description=\"\"  data-large_image_width=\"442\" data-large_image_height = \"405\" ><img decoding=\"async\" class=\"preload-me iso-lazy-load aspect\" src=\"data:image\/svg+xml,%3Csvg%20xmlns%3D&#39;http%3A%2F%2Fwww.w3.org%2F2000%2Fsvg&#39;%20viewBox%3D&#39;0%200%20135%20135&#39;%2F%3E\" data-src=\"https:\/\/www.battaginmarmi.it\/wp-content\/uploads\/2016\/01\/rosa-asiago-135x135.jpg\" data-srcset=\"https:\/\/www.battaginmarmi.it\/wp-content\/uploads\/2016\/01\/rosa-asiago-135x135.jpg 135w, https:\/\/www.battaginmarmi.it\/wp-content\/uploads\/2016\/01\/rosa-asiago-270x270.jpg 270w\" loading=\"eager\" style=\"--ratio: 135 \/ 135\" sizes=\"(max-width: 135px) 100vw, 135px\" alt=\"\" width=\"135\" height=\"135\"  \/><\/a>\t\t\t<\/figure>\n<\/div>\n<div class=\"project-list-content\">\n\t<h3 class=\"entry-title\"><a class=\"dt-trigger-first-pswp\" href=\"https:\/\/www.battaginmarmi.it\/de\/dt_gallery\/marmi\/rosa-asiago-2\/\" title=\"Rosa Asiago\" rel=\"bookmark\">Rosa Asiago<\/a><\/h3><\/div>\n<\/article>\n\n<\/div><div class=\"wf-cell iso-item\" data-post-id=\"567\" data-date=\"2016-02-03T17:30:28+01:00\" data-name=\"Trani\">\n<article class=\"post post-567 attachment type-attachment status-inherit hentry no-img\">\n\n\t<div class=\"project-list-media\">\n\t<figure class=\"buttons-on-img links-hovers-disabled\">\n\t\t<a href=\"https:\/\/www.battaginmarmi.it\/wp-content\/uploads\/2016\/01\/trani.jpg\" class=\"alignnone rollover rollover-zoom dt-pswp-item layzr-bg\" title=\"Trani\" data-dt-img-description=\"\"  data-large_image_width=\"446\" data-large_image_height = \"406\" ><img decoding=\"async\" class=\"preload-me iso-lazy-load aspect\" src=\"data:image\/svg+xml,%3Csvg%20xmlns%3D&#39;http%3A%2F%2Fwww.w3.org%2F2000%2Fsvg&#39;%20viewBox%3D&#39;0%200%20135%20135&#39;%2F%3E\" data-src=\"https:\/\/www.battaginmarmi.it\/wp-content\/uploads\/2016\/01\/trani-135x135.jpg\" data-srcset=\"https:\/\/www.battaginmarmi.it\/wp-content\/uploads\/2016\/01\/trani-135x135.jpg 135w, https:\/\/www.battaginmarmi.it\/wp-content\/uploads\/2016\/01\/trani-270x270.jpg 270w\" loading=\"eager\" style=\"--ratio: 135 \/ 135\" sizes=\"(max-width: 135px) 100vw, 135px\" alt=\"\" width=\"135\" height=\"135\"  \/><\/a>\t\t\t<\/figure>\n<\/div>\n<div class=\"project-list-content\">\n\t<h3 class=\"entry-title\"><a class=\"dt-trigger-first-pswp\" href=\"https:\/\/www.battaginmarmi.it\/de\/dt_gallery\/marmi\/trani-2\/\" title=\"Trani\" rel=\"bookmark\">Trani<\/a><\/h3><\/div>\n<\/article>\n\n<\/div><\/div><div class=\"ult-spacer spacer-69eb268d2acce\" data-id=\"69eb268d2acce\" data-height=\"20\" data-height-mobile=\"20\" data-height-tab=\"20\" data-height-tab-portrait=\"20\" data-height-mobile-landscape=\"20\" style=\"clear:both;display:block;\"><\/div>[\/vc_column][\/vc_row]<\/p>\n<\/div>","protected":false},"excerpt":{"rendered":"<p>[vc_row margin_top=&#8220;-50px&#8220; margin_bottom=&#8220;-50px&#8220;][vc_column width=&#8220;1\/3&#8243; css=&#8220;.vc_custom_1453551224080{padding-top: 10px !important;padding-bottom: 40px !important;background-color: #f2f3f3 !important;}&#8220;][vc_column_text] Wir haben eine grosse Auswahl von Materialen, welche direkt in der Marmorgrube getestet werden. Auf diese Weise k\u00f6nnen wir gr\u00f6ssere Mengen garantieren. Ausf\u00fchrungen Gl\u00e4nzend, gegl\u00e4ttet, schleifgebr\u00fcstet, geschliffen, gestockt, gewalzt und sandgestrahlt. [\/vc_column_text][\/vc_column][vc_column width=&#8220;2\/3&#8243;][\/vc_column][\/vc_row]<\/p>\n","protected":false},"author":1,"featured_media":0,"parent":0,"menu_order":0,"comment_status":"closed","ping_status":"closed","template":"","meta":{"footnotes":""},"class_list":["post-375","page","type-page","status-publish","hentry","description-off"],"yoast_head":"<!-- This site is optimized with the Yoast SEO plugin v27.4 - https:\/\/yoast.com\/product\/yoast-seo-wordpress\/ -->\n<title>Marmor - Battagin Marmi<\/title>\n<meta name=\"robots\" content=\"index, follow, max-snippet:-1, max-image-preview:large, max-video-preview:-1\" \/>\n<link rel=\"canonical\" href=\"https:\/\/www.battaginmarmi.it\/de\/marmor\/\" \/>\n<meta property=\"og:locale\" content=\"de_DE\" \/>\n<meta property=\"og:type\" content=\"article\" \/>\n<meta property=\"og:title\" content=\"Marmor - Battagin Marmi\" \/>\n<meta property=\"og:description\" content=\"[vc_row margin_top=&#8220;-50px&#8220; margin_bottom=&#8220;-50px&#8220;][vc_column width=&#8220;1\/3&#8243; css=&#8220;.vc_custom_1453551224080{padding-top: 10px !important;padding-bottom: 40px !important;background-color: #f2f3f3 !important;}&#8220;][vc_column_text] Wir haben eine grosse Auswahl von Materialen, welche direkt in der Marmorgrube getestet werden. Auf diese Weise k\u00f6nnen wir gr\u00f6ssere Mengen garantieren. Ausf\u00fchrungen Gl\u00e4nzend, gegl\u00e4ttet, schleifgebr\u00fcstet, geschliffen, gestockt, gewalzt und sandgestrahlt. [\/vc_column_text][\/vc_column][vc_column width=&#8220;2\/3&#8243;][\/vc_column][\/vc_row]\" \/>\n<meta property=\"og:url\" content=\"https:\/\/www.battaginmarmi.it\/de\/marmor\/\" \/>\n<meta property=\"og:site_name\" content=\"Battagin Marmi\" \/>\n<meta property=\"article:modified_time\" content=\"2016-02-12T10:31:51+00:00\" \/>\n<meta name=\"twitter:card\" content=\"summary_large_image\" \/>\n<meta name=\"twitter:label1\" content=\"Gesch\u00e4tzte Lesezeit\" \/>\n\t<meta name=\"twitter:data1\" content=\"1\u00a0Minute\" \/>\n<script type=\"application\/ld+json\" class=\"yoast-schema-graph\">{\"@context\":\"https:\\\/\\\/schema.org\",\"@graph\":[{\"@type\":\"WebPage\",\"@id\":\"https:\\\/\\\/www.battaginmarmi.it\\\/de\\\/marmor\\\/\",\"url\":\"https:\\\/\\\/www.battaginmarmi.it\\\/de\\\/marmor\\\/\",\"name\":\"Marmor - Battagin Marmi\",\"isPartOf\":{\"@id\":\"https:\\\/\\\/www.battaginmarmi.it\\\/#website\"},\"datePublished\":\"2016-02-05T19:13:28+00:00\",\"dateModified\":\"2016-02-12T10:31:51+00:00\",\"breadcrumb\":{\"@id\":\"https:\\\/\\\/www.battaginmarmi.it\\\/de\\\/marmor\\\/#breadcrumb\"},\"inLanguage\":\"de\",\"potentialAction\":[{\"@type\":\"ReadAction\",\"target\":[\"https:\\\/\\\/www.battaginmarmi.it\\\/de\\\/marmor\\\/\"]}]},{\"@type\":\"BreadcrumbList\",\"@id\":\"https:\\\/\\\/www.battaginmarmi.it\\\/de\\\/marmor\\\/#breadcrumb\",\"itemListElement\":[{\"@type\":\"ListItem\",\"position\":1,\"name\":\"Home\",\"item\":\"https:\\\/\\\/www.battaginmarmi.it\\\/de\\\/home\\\/\"},{\"@type\":\"ListItem\",\"position\":2,\"name\":\"Marmor\"}]},{\"@type\":\"WebSite\",\"@id\":\"https:\\\/\\\/www.battaginmarmi.it\\\/#website\",\"url\":\"https:\\\/\\\/www.battaginmarmi.it\\\/\",\"name\":\"Battagin Marmi\",\"description\":\"Laboratorio e Segheria\",\"potentialAction\":[{\"@type\":\"SearchAction\",\"target\":{\"@type\":\"EntryPoint\",\"urlTemplate\":\"https:\\\/\\\/www.battaginmarmi.it\\\/?s={search_term_string}\"},\"query-input\":{\"@type\":\"PropertyValueSpecification\",\"valueRequired\":true,\"valueName\":\"search_term_string\"}}],\"inLanguage\":\"de\"}]}<\/script>\n<!-- \/ Yoast SEO plugin. -->","yoast_head_json":{"title":"Marmor - Battagin Marmi","robots":{"index":"index","follow":"follow","max-snippet":"max-snippet:-1","max-image-preview":"max-image-preview:large","max-video-preview":"max-video-preview:-1"},"canonical":"https:\/\/www.battaginmarmi.it\/de\/marmor\/","og_locale":"de_DE","og_type":"article","og_title":"Marmor - Battagin Marmi","og_description":"[vc_row margin_top=&#8220;-50px&#8220; margin_bottom=&#8220;-50px&#8220;][vc_column width=&#8220;1\/3&#8243; css=&#8220;.vc_custom_1453551224080{padding-top: 10px !important;padding-bottom: 40px !important;background-color: #f2f3f3 !important;}&#8220;][vc_column_text] Wir haben eine grosse Auswahl von Materialen, welche direkt in der Marmorgrube getestet werden. Auf diese Weise k\u00f6nnen wir gr\u00f6ssere Mengen garantieren. Ausf\u00fchrungen Gl\u00e4nzend, gegl\u00e4ttet, schleifgebr\u00fcstet, geschliffen, gestockt, gewalzt und sandgestrahlt. [\/vc_column_text][\/vc_column][vc_column width=&#8220;2\/3&#8243;][\/vc_column][\/vc_row]","og_url":"https:\/\/www.battaginmarmi.it\/de\/marmor\/","og_site_name":"Battagin Marmi","article_modified_time":"2016-02-12T10:31:51+00:00","twitter_card":"summary_large_image","twitter_misc":{"Gesch\u00e4tzte Lesezeit":"1\u00a0Minute"},"schema":{"@context":"https:\/\/schema.org","@graph":[{"@type":"WebPage","@id":"https:\/\/www.battaginmarmi.it\/de\/marmor\/","url":"https:\/\/www.battaginmarmi.it\/de\/marmor\/","name":"Marmor - Battagin Marmi","isPartOf":{"@id":"https:\/\/www.battaginmarmi.it\/#website"},"datePublished":"2016-02-05T19:13:28+00:00","dateModified":"2016-02-12T10:31:51+00:00","breadcrumb":{"@id":"https:\/\/www.battaginmarmi.it\/de\/marmor\/#breadcrumb"},"inLanguage":"de","potentialAction":[{"@type":"ReadAction","target":["https:\/\/www.battaginmarmi.it\/de\/marmor\/"]}]},{"@type":"BreadcrumbList","@id":"https:\/\/www.battaginmarmi.it\/de\/marmor\/#breadcrumb","itemListElement":[{"@type":"ListItem","position":1,"name":"Home","item":"https:\/\/www.battaginmarmi.it\/de\/home\/"},{"@type":"ListItem","position":2,"name":"Marmor"}]},{"@type":"WebSite","@id":"https:\/\/www.battaginmarmi.it\/#website","url":"https:\/\/www.battaginmarmi.it\/","name":"Battagin Marmi","description":"Laboratorio e Segheria","potentialAction":[{"@type":"SearchAction","target":{"@type":"EntryPoint","urlTemplate":"https:\/\/www.battaginmarmi.it\/?s={search_term_string}"},"query-input":{"@type":"PropertyValueSpecification","valueRequired":true,"valueName":"search_term_string"}}],"inLanguage":"de"}]}},"_links":{"self":[{"href":"https:\/\/www.battaginmarmi.it\/de\/wp-json\/wp\/v2\/pages\/375","targetHints":{"allow":["GET"]}}],"collection":[{"href":"https:\/\/www.battaginmarmi.it\/de\/wp-json\/wp\/v2\/pages"}],"about":[{"href":"https:\/\/www.battaginmarmi.it\/de\/wp-json\/wp\/v2\/types\/page"}],"author":[{"embeddable":true,"href":"https:\/\/www.battaginmarmi.it\/de\/wp-json\/wp\/v2\/users\/1"}],"replies":[{"embeddable":true,"href":"https:\/\/www.battaginmarmi.it\/de\/wp-json\/wp\/v2\/comments?post=375"}],"version-history":[{"count":0,"href":"https:\/\/www.battaginmarmi.it\/de\/wp-json\/wp\/v2\/pages\/375\/revisions"}],"wp:attachment":[{"href":"https:\/\/www.battaginmarmi.it\/de\/wp-json\/wp\/v2\/media?parent=375"}],"curies":[{"name":"wp","href":"https:\/\/api.w.org\/{rel}","templated":true}]}}